{"id":4839,"date":"2017-09-07T13:16:32","date_gmt":"2017-09-07T11:16:32","guid":{"rendered":"https:\/\/info.bienvu.ch\/?page_id=4839"},"modified":"2020-10-23T14:15:10","modified_gmt":"2020-10-23T12:15:10","slug":"mentions-legales","status":"publish","type":"page","link":"https:\/\/info.bienvu.ch\/en\/mentions-legales\/","title":{"rendered":"Mentions l\u00e9gales et impressum"},"content":{"rendered":"<h2>MENTIONS L\u00c9GALES DU SITE BIENVU<\/h2>\n<p>Conform\u00e9ment aux dispositions de loi contre la concurrence d\u00e9loyale (LCD), il est port\u00e9 \u00e0 la connaissance des utilisateurs et visiteurs du site bienvu les pr\u00e9sentes mentions l\u00e9gales.<\/p>\n<p>Le site bienvu est accessible \u00e0 l\u2019adresse suivante : info.bienvu.ch (ci-apr\u00e8s \u201cle Site\u201d). L\u2019acc\u00e8s et l\u2019utilisation du Site sont soumis aux pr\u00e9sentes \u201d Mentions l\u00e9gales\u201d d\u00e9taill\u00e9es ci-apr\u00e8s ainsi qu\u2019aux lois et\/ou r\u00e8glements applicables.<\/p>\n<p>La connexion, l\u2019utilisation et l\u2019acc\u00e8s \u00e0 ce Site impliquent l\u2019acceptation int\u00e9grale et sans r\u00e9serve de l\u2019internaute de toutes les dispositions des pr\u00e9sentes Mentions L\u00e9gales.<\/p>\n<h3>ARTICLE 1 \u2013 INFORMATIONS L\u00c9GALES<\/h3>\n<p>Le site bienvu est \u00e9dit\u00e9 par :<\/p>\n<p><strong><br \/>BIENVU INFORMATIQUE<\/strong><\/p>\n<p>S\u00e9bastien Haller<strong><br \/><\/strong><\/p>\n<p>chemin de la Camisarde 3, CH-1268 Burtigny<\/p>\n<p>T\u00e9l\u00e9phone : +41-(0)22-552.20.21<\/p>\n<p>Adresse e-mail : info@bienvu.ch<\/p>\n<p>ci apr\u00e8s \u201d l\u2019\u00c9diteur \u201d<\/p>\n<p>Le site bienvu est h\u00e9berg\u00e9 par :<\/p>\n<p><strong><br \/>Infomaniak Network SA<br \/><\/strong><\/p>\n<p>dont le si\u00e8ge est situ\u00e9 \u00e0 l\u2019adresse suivante : Avenue de la Praille 26, 1227 Gen\u00e8ve<\/p>\n<p>T\u00e9l\u00e9phone : +41-(0)22-820.35.44<\/p>\n<p>Adresse e-mail : info@infomaniak.ch<\/p>\n<p>ci apr\u00e8s \u201d l\u2019H\u00e9bergeur \u201d<\/p>\n<p>Sont consid\u00e9r\u00e9s comme utilisateurs tout les internautes qui naviguent, lisent, visionnent et utilisent le site bienvu.<\/p>\n<p>ci apr\u00e8s les \u201d Utilisateurs \u201d<\/p>\n<h3>ARTICLE 2 \u2013 ACCESSIBILIT\u00c9<\/h3>\n<p>Le Site est par principe accessible aux utilisateurs 24\/24h et 7\/7j, sauf interruption, programm\u00e9e ou non, pour des besoins de maintenance ou en cas de force majeure.<\/p>\n<p>En cas d\u2019impossibilit\u00e9 d\u2019acc\u00e8s au Site, celui-ci s\u2019engage \u00e0 faire son maximum afin d\u2019en r\u00e9tablir l\u2019acc\u00e8s. Le Site ne saurait \u00eatre tenu pour responsable de tout dommage, quelle qu\u2019en soit la nature, r\u00e9sultant de son indisponibilit\u00e9.<\/p>\n<h3>ARTICLE 3 \u2013 POLITIQUE DE COOKIES ET TRACEURS<\/h3>\n<p>Le site bienvu a \u00e9ventuellement recours aux techniques de \u201ccookies\u201d lui permettant de traiter des statistiques et des informations sur le trafic, de faciliter la navigation et d\u2019am\u00e9liorer le service pour le confort de l\u2019Utilisateur.<\/p>\n<p>Conform\u00e9ment \u00e0 la l\u00e9gislation suisse, le site bienvu a mis \u00e0 jour sa politique de confidentialit\u00e9 en mati\u00e8re de cookies. L\u2019Utilisateur est libre d\u2019accepter ou de refuser les cookies de tous les sites internet en modifiant les param\u00e8tres de son navigateur internet.<\/p>\n<h3>ARTICLE 5 \u2013 JURIDICTION<\/h3>\n<p>Les tribunaux comp\u00e9tents sont les Tribunaux ordinaire du Canton de Vaud.<\/p>\n<h3>ARTICLE 6 \u2013 CONTACT<\/h3>\n<p>Pour tout signalement de contenus ou d\u2019activit\u00e9s illicites, l\u2019Utilisateur peut contacter l\u2019\u00c9diteur \u00e0 l\u2019adresse suivante :<br \/>info@bienvu.ch, ou par courrier recommand\u00e9 avec accus\u00e9 de r\u00e9ception adress\u00e9 \u00e0 l\u2019\u00c9diteur aux coordonn\u00e9es pr\u00e9cis\u00e9es dans les pr\u00e9sentes mentions l\u00e9gales.<\/p>\n<p>Mis \u00e0 jour le 20 octobre 2020.<\/p>\n<!--themify_builder_content-->\n<div id=\"themify_builder_content-4839\" data-postid=\"4839\" class=\"themify_builder_content themify_builder_content-4839 themify_builder tf_clear\">\n    <\/div>\n<!--\/themify_builder_content-->","protected":false},"excerpt":{"rendered":"<p>MENTIONS L\u00c9GALES DU SITE BIENVU Conform\u00e9ment aux dispositions de loi contre la concurrence d\u00e9loyale (LCD), il est port\u00e9 \u00e0 la connaissance des utilisateurs et visiteurs du site bienvu les pr\u00e9sentes mentions l\u00e9gales. Le site bienvu est accessible \u00e0 l\u2019adresse suivante : info.bienvu.ch (ci-apr\u00e8s \u201cle Site\u201d). L\u2019acc\u00e8s et l\u2019utilisation du Site sont soumis aux pr\u00e9sentes \u201d [&hellip;]<\/p>\n","protected":false},"author":29,"featured_media":0,"parent":0,"menu_order":0,"comment_status":"closed","ping_status":"closed","template":"","meta":{"footnotes":""},"class_list":["post-4839","page","type-page","status-publish","hentry","has-post-title","has-post-date","has-post-category","has-post-tag","has-post-comment","has-post-author",""],"yoast_head":"<!-- This site is optimized with the Yoast SEO plugin v27.4 - https:\/\/yoast.com\/product\/yoast-seo-wordpress\/ -->\n<title>Mentions l\u00e9gales et impressum - BIENVU INFORMATIQUE<\/title>\n<meta name=\"description\" content=\"Impressum et mentions l\u00e9gales du site bienvu.ch\" \/>\n<meta name=\"robots\" content=\"index, follow, max-snippet:-1, max-image-preview:large, max-video-preview:-1\" \/>\n<link rel=\"canonical\" href=\"https:\/\/info.bienvu.ch\/mentions-legales\/\" \/>\n<meta property=\"og:locale\" content=\"en_US\" \/>\n<meta property=\"og:type\" content=\"article\" \/>\n<meta property=\"og:title\" content=\"Mentions l\u00e9gales et impressum - BIENVU INFORMATIQUE\" \/>\n<meta property=\"og:description\" content=\"Impressum et mentions l\u00e9gales du site bienvu.ch\" \/>\n<meta property=\"og:url\" content=\"https:\/\/info.bienvu.ch\/mentions-legales\/\" \/>\n<meta property=\"article:publisher\" content=\"https:\/\/www.facebook.com\/bienvu.ch\/\" \/>\n<meta property=\"article:modified_time\" content=\"2020-10-23T12:15:10+00:00\" \/>\n<meta name=\"twitter:card\" content=\"summary_large_image\" \/>\n<meta name=\"twitter:site\" content=\"@bienvuch\" \/>\n<meta name=\"twitter:label1\" content=\"Est. reading time\" \/>\n\t<meta name=\"twitter:data1\" content=\"2 minutes\" \/>\n<script type=\"application\/ld+json\" class=\"yoast-schema-graph\">{\"@context\":\"https:\\\/\\\/schema.org\",\"@graph\":[{\"@type\":\"WebPage\",\"@id\":\"https:\\\/\\\/info.bienvu.ch\\\/mentions-legales\\\/\",\"url\":\"https:\\\/\\\/info.bienvu.ch\\\/mentions-legales\\\/\",\"name\":\"Mentions l\u00e9gales et impressum - BIENVU INFORMATIQUE\",\"isPartOf\":{\"@id\":\"https:\\\/\\\/info.bienvu.ch\\\/#website\"},\"datePublished\":\"2017-09-07T11:16:32+00:00\",\"dateModified\":\"2020-10-23T12:15:10+00:00\",\"description\":\"Impressum et mentions l\u00e9gales du site bienvu.ch\",\"breadcrumb\":{\"@id\":\"https:\\\/\\\/info.bienvu.ch\\\/mentions-legales\\\/#breadcrumb\"},\"inLanguage\":\"en-US\",\"potentialAction\":[{\"@type\":\"ReadAction\",\"target\":[\"https:\\\/\\\/info.bienvu.ch\\\/mentions-legales\\\/\"]}]},{\"@type\":\"BreadcrumbList\",\"@id\":\"https:\\\/\\\/info.bienvu.ch\\\/mentions-legales\\\/#breadcrumb\",\"itemListElement\":[{\"@type\":\"ListItem\",\"position\":1,\"name\":\"Accueil\",\"item\":\"https:\\\/\\\/info.bienvu.ch\\\/en\\\/\"},{\"@type\":\"ListItem\",\"position\":2,\"name\":\"Mentions l\u00e9gales et impressum\"}]},{\"@type\":\"WebSite\",\"@id\":\"https:\\\/\\\/info.bienvu.ch\\\/#website\",\"url\":\"https:\\\/\\\/info.bienvu.ch\\\/\",\"name\":\"\",\"description\":\"\",\"publisher\":{\"@id\":\"https:\\\/\\\/info.bienvu.ch\\\/#organization\"},\"potentialAction\":[{\"@type\":\"SearchAction\",\"target\":{\"@type\":\"EntryPoint\",\"urlTemplate\":\"https:\\\/\\\/info.bienvu.ch\\\/?s={search_term_string}\"},\"query-input\":{\"@type\":\"PropertyValueSpecification\",\"valueRequired\":true,\"valueName\":\"search_term_string\"}}],\"inLanguage\":\"en-US\"},{\"@type\":\"Organization\",\"@id\":\"https:\\\/\\\/info.bienvu.ch\\\/#organization\",\"name\":\"Bienvu Informatique\",\"url\":\"https:\\\/\\\/info.bienvu.ch\\\/\",\"logo\":{\"@type\":\"ImageObject\",\"inLanguage\":\"en-US\",\"@id\":\"https:\\\/\\\/info.bienvu.ch\\\/#\\\/schema\\\/logo\\\/image\\\/\",\"url\":\"https:\\\/\\\/info.bienvu.ch\\\/wp-content\\\/uploads\\\/info.bienvu.ch\\\/sites\\\/8\\\/2018\\\/07\\\/logo_final_plain.svg\",\"contentUrl\":\"https:\\\/\\\/info.bienvu.ch\\\/wp-content\\\/uploads\\\/info.bienvu.ch\\\/sites\\\/8\\\/2018\\\/07\\\/logo_final_plain.svg\",\"width\":1,\"height\":1,\"caption\":\"Bienvu Informatique\"},\"image\":{\"@id\":\"https:\\\/\\\/info.bienvu.ch\\\/#\\\/schema\\\/logo\\\/image\\\/\"},\"sameAs\":[\"https:\\\/\\\/www.facebook.com\\\/bienvu.ch\\\/\",\"https:\\\/\\\/x.com\\\/bienvuch\",\"https:\\\/\\\/www.linkedin.com\\\/company\\\/11262411\\\/\"]}]}<\/script>\n<!-- \/ Yoast SEO plugin. -->","yoast_head_json":{"title":"Mentions l\u00e9gales et impressum - BIENVU INFORMATIQUE","description":"Impressum et mentions l\u00e9gales du site bienvu.ch","robots":{"index":"index","follow":"follow","max-snippet":"max-snippet:-1","max-image-preview":"max-image-preview:large","max-video-preview":"max-video-preview:-1"},"canonical":"https:\/\/info.bienvu.ch\/mentions-legales\/","og_locale":"en_US","og_type":"article","og_title":"Mentions l\u00e9gales et impressum - BIENVU INFORMATIQUE","og_description":"Impressum et mentions l\u00e9gales du site bienvu.ch","og_url":"https:\/\/info.bienvu.ch\/mentions-legales\/","article_publisher":"https:\/\/www.facebook.com\/bienvu.ch\/","article_modified_time":"2020-10-23T12:15:10+00:00","twitter_card":"summary_large_image","twitter_site":"@bienvuch","twitter_misc":{"Est. reading time":"2 minutes"},"schema":{"@context":"https:\/\/schema.org","@graph":[{"@type":"WebPage","@id":"https:\/\/info.bienvu.ch\/mentions-legales\/","url":"https:\/\/info.bienvu.ch\/mentions-legales\/","name":"Mentions l\u00e9gales et impressum - BIENVU INFORMATIQUE","isPartOf":{"@id":"https:\/\/info.bienvu.ch\/#website"},"datePublished":"2017-09-07T11:16:32+00:00","dateModified":"2020-10-23T12:15:10+00:00","description":"Impressum et mentions l\u00e9gales du site bienvu.ch","breadcrumb":{"@id":"https:\/\/info.bienvu.ch\/mentions-legales\/#breadcrumb"},"inLanguage":"en-US","potentialAction":[{"@type":"ReadAction","target":["https:\/\/info.bienvu.ch\/mentions-legales\/"]}]},{"@type":"BreadcrumbList","@id":"https:\/\/info.bienvu.ch\/mentions-legales\/#breadcrumb","itemListElement":[{"@type":"ListItem","position":1,"name":"Accueil","item":"https:\/\/info.bienvu.ch\/en\/"},{"@type":"ListItem","position":2,"name":"Mentions l\u00e9gales et impressum"}]},{"@type":"WebSite","@id":"https:\/\/info.bienvu.ch\/#website","url":"https:\/\/info.bienvu.ch\/","name":"","description":"","publisher":{"@id":"https:\/\/info.bienvu.ch\/#organization"},"potentialAction":[{"@type":"SearchAction","target":{"@type":"EntryPoint","urlTemplate":"https:\/\/info.bienvu.ch\/?s={search_term_string}"},"query-input":{"@type":"PropertyValueSpecification","valueRequired":true,"valueName":"search_term_string"}}],"inLanguage":"en-US"},{"@type":"Organization","@id":"https:\/\/info.bienvu.ch\/#organization","name":"Bienvu Informatique","url":"https:\/\/info.bienvu.ch\/","logo":{"@type":"ImageObject","inLanguage":"en-US","@id":"https:\/\/info.bienvu.ch\/#\/schema\/logo\/image\/","url":"https:\/\/info.bienvu.ch\/wp-content\/uploads\/info.bienvu.ch\/sites\/8\/2018\/07\/logo_final_plain.svg","contentUrl":"https:\/\/info.bienvu.ch\/wp-content\/uploads\/info.bienvu.ch\/sites\/8\/2018\/07\/logo_final_plain.svg","width":1,"height":1,"caption":"Bienvu Informatique"},"image":{"@id":"https:\/\/info.bienvu.ch\/#\/schema\/logo\/image\/"},"sameAs":["https:\/\/www.facebook.com\/bienvu.ch\/","https:\/\/x.com\/bienvuch","https:\/\/www.linkedin.com\/company\/11262411\/"]}]}},"builder_content":"","_links":{"self":[{"href":"https:\/\/info.bienvu.ch\/en\/wp-json\/wp\/v2\/pages\/4839","targetHints":{"allow":["GET"]}}],"collection":[{"href":"https:\/\/info.bienvu.ch\/en\/wp-json\/wp\/v2\/pages"}],"about":[{"href":"https:\/\/info.bienvu.ch\/en\/wp-json\/wp\/v2\/types\/page"}],"author":[{"embeddable":true,"href":"https:\/\/info.bienvu.ch\/en\/wp-json\/wp\/v2\/users\/29"}],"replies":[{"embeddable":true,"href":"https:\/\/info.bienvu.ch\/en\/wp-json\/wp\/v2\/comments?post=4839"}],"version-history":[{"count":0,"href":"https:\/\/info.bienvu.ch\/en\/wp-json\/wp\/v2\/pages\/4839\/revisions"}],"wp:attachment":[{"href":"https:\/\/info.bienvu.ch\/en\/wp-json\/wp\/v2\/media?parent=4839"}],"curies":[{"name":"wp","href":"https:\/\/api.w.org\/{rel}","templated":true}]}}