{"id":4841,"date":"2017-09-07T13:17:13","date_gmt":"2017-09-07T11:17:13","guid":{"rendered":"https:\/\/info.bienvu.ch\/?page_id=4841"},"modified":"2017-10-31T15:47:30","modified_gmt":"2017-10-31T14:47:30","slug":"politique-cookies-traceurs","status":"publish","type":"page","link":"https:\/\/info.bienvu.ch\/en\/mentions-legales\/politique-cookies-traceurs\/","title":{"rendered":"Politique des cookies et traceurs"},"content":{"rendered":"<h3>Cookies<\/h3>\n<p>\u200bCe site Internet utilise des cookies. Les cookies sont de petits fichiers textes qui sont enregistr\u00e9s sur votre ordinateur, lors de la visite du site, de fa\u00e7on temporaire ou durable. Le but des cookies est en particulier d\u2019analyser l\u2019utilisation du site, en vue d\u2019une exploitation statistique, ainsi que d\u2019am\u00e9liorations continues. Les cookies peuvent \u00eatre \u00e0 tout moment d\u00e9sactiv\u00e9s dans les param\u00e8tres de votre navigateur web, partiellement ou en totalit\u00e9. En d\u00e9sactivant les cookies, certaines fonctionnalit\u00e9s de ce site peuvent \u00e9ventuellement ne plus \u00eatre disponibles.<\/p>\n<h3>Traceurs<\/h3>\n<p>Ce site int\u00e8gre les services Google Analytics, DoubleClick et Facebook \u00e0 des fins statistiques et de promotion.<\/p>\n","protected":false},"excerpt":{"rendered":"<p>Cookies \u200bCe site Internet utilise des cookies. Les cookies sont de petits fichiers textes qui sont enregistr\u00e9s sur votre ordinateur, lors de la visite du site, de fa\u00e7on temporaire ou durable. Le but des cookies est en particulier d\u2019analyser l\u2019utilisation du site, en vue d\u2019une exploitation statistique, ainsi que d\u2019am\u00e9liorations continues. Les cookies peuvent \u00eatre [&hellip;]<\/p>\n","protected":false},"author":29,"featured_media":0,"parent":4839,"menu_order":0,"comment_status":"closed","ping_status":"closed","template":"","meta":{"footnotes":""},"class_list":["post-4841","page","type-page","status-publish","hentry","has-post-title","has-post-date","has-post-category","has-post-tag","has-post-comment","has-post-author",""],"yoast_head":"<!-- This site is optimized with the Yoast SEO plugin v27.4 - https:\/\/yoast.com\/product\/yoast-seo-wordpress\/ -->\n<title>Politique des cookies et traceurs - BIENVU INFORMATIQUE<\/title>\n<meta name=\"description\" content=\"Le site bienvu.ch utilise quelques cookies et traceurs. Voici les d\u00e9tails.\" \/>\n<meta name=\"robots\" content=\"index, follow, max-snippet:-1, max-image-preview:large, max-video-preview:-1\" \/>\n<link rel=\"canonical\" href=\"https:\/\/info.bienvu.ch\/mentions-legales\/politique-cookies-traceurs\/\" \/>\n<meta property=\"og:locale\" content=\"en_US\" \/>\n<meta property=\"og:type\" content=\"article\" \/>\n<meta property=\"og:title\" content=\"Politique des cookies et traceurs - BIENVU INFORMATIQUE\" \/>\n<meta property=\"og:description\" content=\"Le site bienvu.ch utilise quelques cookies et traceurs. Voici les d\u00e9tails.\" \/>\n<meta property=\"og:url\" content=\"https:\/\/info.bienvu.ch\/mentions-legales\/politique-cookies-traceurs\/\" \/>\n<meta property=\"article:publisher\" content=\"https:\/\/www.facebook.com\/bienvu.ch\/\" \/>\n<meta property=\"article:modified_time\" content=\"2017-10-31T14:47:30+00:00\" \/>\n<meta name=\"twitter:card\" content=\"summary_large_image\" \/>\n<meta name=\"twitter:site\" content=\"@bienvuch\" \/>\n<meta name=\"twitter:label1\" content=\"Est. reading time\" \/>\n\t<meta name=\"twitter:data1\" content=\"1 minute\" \/>\n<script type=\"application\/ld+json\" class=\"yoast-schema-graph\">{\"@context\":\"https:\\\/\\\/schema.org\",\"@graph\":[{\"@type\":\"WebPage\",\"@id\":\"https:\\\/\\\/info.bienvu.ch\\\/mentions-legales\\\/politique-cookies-traceurs\\\/\",\"url\":\"https:\\\/\\\/info.bienvu.ch\\\/mentions-legales\\\/politique-cookies-traceurs\\\/\",\"name\":\"Politique des cookies et traceurs - BIENVU INFORMATIQUE\",\"isPartOf\":{\"@id\":\"https:\\\/\\\/info.bienvu.ch\\\/#website\"},\"datePublished\":\"2017-09-07T11:17:13+00:00\",\"dateModified\":\"2017-10-31T14:47:30+00:00\",\"description\":\"Le site bienvu.ch utilise quelques cookies et traceurs. Voici les d\u00e9tails.\",\"breadcrumb\":{\"@id\":\"https:\\\/\\\/info.bienvu.ch\\\/mentions-legales\\\/politique-cookies-traceurs\\\/#breadcrumb\"},\"inLanguage\":\"en-US\",\"potentialAction\":[{\"@type\":\"ReadAction\",\"target\":[\"https:\\\/\\\/info.bienvu.ch\\\/mentions-legales\\\/politique-cookies-traceurs\\\/\"]}]},{\"@type\":\"BreadcrumbList\",\"@id\":\"https:\\\/\\\/info.bienvu.ch\\\/mentions-legales\\\/politique-cookies-traceurs\\\/#breadcrumb\",\"itemListElement\":[{\"@type\":\"ListItem\",\"position\":1,\"name\":\"Accueil\",\"item\":\"https:\\\/\\\/info.bienvu.ch\\\/en\\\/\"},{\"@type\":\"ListItem\",\"position\":2,\"name\":\"Mentions l\u00e9gales et impressum\",\"item\":\"https:\\\/\\\/info.bienvu.ch\\\/mentions-legales\\\/\"},{\"@type\":\"ListItem\",\"position\":3,\"name\":\"Politique des cookies et traceurs\"}]},{\"@type\":\"WebSite\",\"@id\":\"https:\\\/\\\/info.bienvu.ch\\\/#website\",\"url\":\"https:\\\/\\\/info.bienvu.ch\\\/\",\"name\":\"\",\"description\":\"\",\"publisher\":{\"@id\":\"https:\\\/\\\/info.bienvu.ch\\\/#organization\"},\"potentialAction\":[{\"@type\":\"SearchAction\",\"target\":{\"@type\":\"EntryPoint\",\"urlTemplate\":\"https:\\\/\\\/info.bienvu.ch\\\/?s={search_term_string}\"},\"query-input\":{\"@type\":\"PropertyValueSpecification\",\"valueRequired\":true,\"valueName\":\"search_term_string\"}}],\"inLanguage\":\"en-US\"},{\"@type\":\"Organization\",\"@id\":\"https:\\\/\\\/info.bienvu.ch\\\/#organization\",\"name\":\"Bienvu Informatique\",\"url\":\"https:\\\/\\\/info.bienvu.ch\\\/\",\"logo\":{\"@type\":\"ImageObject\",\"inLanguage\":\"en-US\",\"@id\":\"https:\\\/\\\/info.bienvu.ch\\\/#\\\/schema\\\/logo\\\/image\\\/\",\"url\":\"https:\\\/\\\/info.bienvu.ch\\\/wp-content\\\/uploads\\\/info.bienvu.ch\\\/sites\\\/8\\\/2018\\\/07\\\/logo_final_plain.svg\",\"contentUrl\":\"https:\\\/\\\/info.bienvu.ch\\\/wp-content\\\/uploads\\\/info.bienvu.ch\\\/sites\\\/8\\\/2018\\\/07\\\/logo_final_plain.svg\",\"width\":1,\"height\":1,\"caption\":\"Bienvu Informatique\"},\"image\":{\"@id\":\"https:\\\/\\\/info.bienvu.ch\\\/#\\\/schema\\\/logo\\\/image\\\/\"},\"sameAs\":[\"https:\\\/\\\/www.facebook.com\\\/bienvu.ch\\\/\",\"https:\\\/\\\/x.com\\\/bienvuch\",\"https:\\\/\\\/www.linkedin.com\\\/company\\\/11262411\\\/\"]}]}<\/script>\n<!-- \/ Yoast SEO plugin. -->","yoast_head_json":{"title":"Politique des cookies et traceurs - BIENVU INFORMATIQUE","description":"Le site bienvu.ch utilise quelques cookies et traceurs. Voici les d\u00e9tails.","robots":{"index":"index","follow":"follow","max-snippet":"max-snippet:-1","max-image-preview":"max-image-preview:large","max-video-preview":"max-video-preview:-1"},"canonical":"https:\/\/info.bienvu.ch\/mentions-legales\/politique-cookies-traceurs\/","og_locale":"en_US","og_type":"article","og_title":"Politique des cookies et traceurs - BIENVU INFORMATIQUE","og_description":"Le site bienvu.ch utilise quelques cookies et traceurs. Voici les d\u00e9tails.","og_url":"https:\/\/info.bienvu.ch\/mentions-legales\/politique-cookies-traceurs\/","article_publisher":"https:\/\/www.facebook.com\/bienvu.ch\/","article_modified_time":"2017-10-31T14:47:30+00:00","twitter_card":"summary_large_image","twitter_site":"@bienvuch","twitter_misc":{"Est. reading time":"1 minute"},"schema":{"@context":"https:\/\/schema.org","@graph":[{"@type":"WebPage","@id":"https:\/\/info.bienvu.ch\/mentions-legales\/politique-cookies-traceurs\/","url":"https:\/\/info.bienvu.ch\/mentions-legales\/politique-cookies-traceurs\/","name":"Politique des cookies et traceurs - BIENVU INFORMATIQUE","isPartOf":{"@id":"https:\/\/info.bienvu.ch\/#website"},"datePublished":"2017-09-07T11:17:13+00:00","dateModified":"2017-10-31T14:47:30+00:00","description":"Le site bienvu.ch utilise quelques cookies et traceurs. Voici les d\u00e9tails.","breadcrumb":{"@id":"https:\/\/info.bienvu.ch\/mentions-legales\/politique-cookies-traceurs\/#breadcrumb"},"inLanguage":"en-US","potentialAction":[{"@type":"ReadAction","target":["https:\/\/info.bienvu.ch\/mentions-legales\/politique-cookies-traceurs\/"]}]},{"@type":"BreadcrumbList","@id":"https:\/\/info.bienvu.ch\/mentions-legales\/politique-cookies-traceurs\/#breadcrumb","itemListElement":[{"@type":"ListItem","position":1,"name":"Accueil","item":"https:\/\/info.bienvu.ch\/en\/"},{"@type":"ListItem","position":2,"name":"Mentions l\u00e9gales et impressum","item":"https:\/\/info.bienvu.ch\/mentions-legales\/"},{"@type":"ListItem","position":3,"name":"Politique des cookies et traceurs"}]},{"@type":"WebSite","@id":"https:\/\/info.bienvu.ch\/#website","url":"https:\/\/info.bienvu.ch\/","name":"","description":"","publisher":{"@id":"https:\/\/info.bienvu.ch\/#organization"},"potentialAction":[{"@type":"SearchAction","target":{"@type":"EntryPoint","urlTemplate":"https:\/\/info.bienvu.ch\/?s={search_term_string}"},"query-input":{"@type":"PropertyValueSpecification","valueRequired":true,"valueName":"search_term_string"}}],"inLanguage":"en-US"},{"@type":"Organization","@id":"https:\/\/info.bienvu.ch\/#organization","name":"Bienvu Informatique","url":"https:\/\/info.bienvu.ch\/","logo":{"@type":"ImageObject","inLanguage":"en-US","@id":"https:\/\/info.bienvu.ch\/#\/schema\/logo\/image\/","url":"https:\/\/info.bienvu.ch\/wp-content\/uploads\/info.bienvu.ch\/sites\/8\/2018\/07\/logo_final_plain.svg","contentUrl":"https:\/\/info.bienvu.ch\/wp-content\/uploads\/info.bienvu.ch\/sites\/8\/2018\/07\/logo_final_plain.svg","width":1,"height":1,"caption":"Bienvu Informatique"},"image":{"@id":"https:\/\/info.bienvu.ch\/#\/schema\/logo\/image\/"},"sameAs":["https:\/\/www.facebook.com\/bienvu.ch\/","https:\/\/x.com\/bienvuch","https:\/\/www.linkedin.com\/company\/11262411\/"]}]}},"builder_content":"","_links":{"self":[{"href":"https:\/\/info.bienvu.ch\/en\/wp-json\/wp\/v2\/pages\/4841","targetHints":{"allow":["GET"]}}],"collection":[{"href":"https:\/\/info.bienvu.ch\/en\/wp-json\/wp\/v2\/pages"}],"about":[{"href":"https:\/\/info.bienvu.ch\/en\/wp-json\/wp\/v2\/types\/page"}],"author":[{"embeddable":true,"href":"https:\/\/info.bienvu.ch\/en\/wp-json\/wp\/v2\/users\/29"}],"replies":[{"embeddable":true,"href":"https:\/\/info.bienvu.ch\/en\/wp-json\/wp\/v2\/comments?post=4841"}],"version-history":[{"count":0,"href":"https:\/\/info.bienvu.ch\/en\/wp-json\/wp\/v2\/pages\/4841\/revisions"}],"up":[{"embeddable":true,"href":"https:\/\/info.bienvu.ch\/en\/wp-json\/wp\/v2\/pages\/4839"}],"wp:attachment":[{"href":"https:\/\/info.bienvu.ch\/en\/wp-json\/wp\/v2\/media?parent=4841"}],"curies":[{"name":"wp","href":"https:\/\/api.w.org\/{rel}","templated":true}]}}