{"id":4843,"date":"2017-09-07T13:18:33","date_gmt":"2017-09-07T11:18:33","guid":{"rendered":"https:\/\/info.bienvu.ch\/?page_id=4843"},"modified":"2020-10-23T11:59:08","modified_gmt":"2020-10-23T09:59:08","slug":"conditions-generales","status":"publish","type":"page","link":"https:\/\/info.bienvu.ch\/en\/mentions-legales\/conditions-generales\/","title":{"rendered":"Conditions g\u00e9n\u00e9rales"},"content":{"rendered":"<iframe loading=\"lazy\" class=\"embed-pdf-viewer\" src=\"https:\/\/info.bienvu.ch\/wp-content\/uploads\/info.bienvu.ch\/sites\/8\/2020\/10\/conditions-generales-20200901.pdf\" height=\"1200\" width=\"2000\" title=\"conditions-g\u00e9n\u00e9rales-20200901\"><\/iframe>\n\n<!-- wp:themify-builder\/canvas \/-->","protected":false},"excerpt":{"rendered":"","protected":false},"author":29,"featured_media":0,"parent":4839,"menu_order":0,"comment_status":"closed","ping_status":"closed","template":"","meta":{"footnotes":""},"class_list":["post-4843","page","type-page","status-publish","hentry","has-post-title","has-post-date","has-post-category","has-post-tag","has-post-comment","has-post-author",""],"yoast_head":"<!-- This site is optimized with the Yoast SEO plugin v27.5 - https:\/\/yoast.com\/product\/yoast-seo-wordpress\/ -->\n<title>Conditions g\u00e9n\u00e9rales - BIENVU INFORMATIQUE<\/title>\n<meta name=\"description\" content=\"Les conditions g\u00e9n\u00e9rales de vente bienvu.ch\" \/>\n<meta name=\"robots\" content=\"index, follow, max-snippet:-1, max-image-preview:large, max-video-preview:-1\" \/>\n<link rel=\"canonical\" href=\"https:\/\/info.bienvu.ch\/mentions-legales\/conditions-generales\/\" \/>\n<meta property=\"og:locale\" content=\"en_US\" \/>\n<meta property=\"og:type\" content=\"article\" \/>\n<meta property=\"og:title\" content=\"Conditions g\u00e9n\u00e9rales - BIENVU INFORMATIQUE\" \/>\n<meta property=\"og:description\" content=\"Les conditions g\u00e9n\u00e9rales de vente bienvu.ch\" \/>\n<meta property=\"og:url\" content=\"https:\/\/info.bienvu.ch\/mentions-legales\/conditions-generales\/\" \/>\n<meta property=\"article:publisher\" content=\"https:\/\/www.facebook.com\/bienvu.ch\/\" \/>\n<meta property=\"article:modified_time\" content=\"2020-10-23T09:59:08+00:00\" \/>\n<meta name=\"twitter:card\" content=\"summary_large_image\" \/>\n<meta name=\"twitter:site\" content=\"@bienvuch\" \/>\n<script type=\"application\/ld+json\" class=\"yoast-schema-graph\">{\"@context\":\"https:\\\/\\\/schema.org\",\"@graph\":[{\"@type\":\"WebPage\",\"@id\":\"https:\\\/\\\/info.bienvu.ch\\\/mentions-legales\\\/conditions-generales\\\/\",\"url\":\"https:\\\/\\\/info.bienvu.ch\\\/mentions-legales\\\/conditions-generales\\\/\",\"name\":\"Conditions g\u00e9n\u00e9rales - BIENVU INFORMATIQUE\",\"isPartOf\":{\"@id\":\"https:\\\/\\\/info.bienvu.ch\\\/#website\"},\"datePublished\":\"2017-09-07T11:18:33+00:00\",\"dateModified\":\"2020-10-23T09:59:08+00:00\",\"description\":\"Les conditions g\u00e9n\u00e9rales de vente bienvu.ch\",\"breadcrumb\":{\"@id\":\"https:\\\/\\\/info.bienvu.ch\\\/mentions-legales\\\/conditions-generales\\\/#breadcrumb\"},\"inLanguage\":\"en-US\",\"potentialAction\":[{\"@type\":\"ReadAction\",\"target\":[\"https:\\\/\\\/info.bienvu.ch\\\/mentions-legales\\\/conditions-generales\\\/\"]}]},{\"@type\":\"BreadcrumbList\",\"@id\":\"https:\\\/\\\/info.bienvu.ch\\\/mentions-legales\\\/conditions-generales\\\/#breadcrumb\",\"itemListElement\":[{\"@type\":\"ListItem\",\"position\":1,\"name\":\"Accueil\",\"item\":\"https:\\\/\\\/info.bienvu.ch\\\/en\\\/\"},{\"@type\":\"ListItem\",\"position\":2,\"name\":\"Mentions l\u00e9gales et impressum\",\"item\":\"https:\\\/\\\/info.bienvu.ch\\\/mentions-legales\\\/\"},{\"@type\":\"ListItem\",\"position\":3,\"name\":\"Conditions g\u00e9n\u00e9rales\"}]},{\"@type\":\"WebSite\",\"@id\":\"https:\\\/\\\/info.bienvu.ch\\\/#website\",\"url\":\"https:\\\/\\\/info.bienvu.ch\\\/\",\"name\":\"\",\"description\":\"\",\"publisher\":{\"@id\":\"https:\\\/\\\/info.bienvu.ch\\\/#organization\"},\"potentialAction\":[{\"@type\":\"SearchAction\",\"target\":{\"@type\":\"EntryPoint\",\"urlTemplate\":\"https:\\\/\\\/info.bienvu.ch\\\/?s={search_term_string}\"},\"query-input\":{\"@type\":\"PropertyValueSpecification\",\"valueRequired\":true,\"valueName\":\"search_term_string\"}}],\"inLanguage\":\"en-US\"},{\"@type\":\"Organization\",\"@id\":\"https:\\\/\\\/info.bienvu.ch\\\/#organization\",\"name\":\"Bienvu Informatique\",\"url\":\"https:\\\/\\\/info.bienvu.ch\\\/\",\"logo\":{\"@type\":\"ImageObject\",\"inLanguage\":\"en-US\",\"@id\":\"https:\\\/\\\/info.bienvu.ch\\\/#\\\/schema\\\/logo\\\/image\\\/\",\"url\":\"https:\\\/\\\/info.bienvu.ch\\\/wp-content\\\/uploads\\\/info.bienvu.ch\\\/sites\\\/8\\\/2018\\\/07\\\/logo_final_plain.svg\",\"contentUrl\":\"https:\\\/\\\/info.bienvu.ch\\\/wp-content\\\/uploads\\\/info.bienvu.ch\\\/sites\\\/8\\\/2018\\\/07\\\/logo_final_plain.svg\",\"width\":1,\"height\":1,\"caption\":\"Bienvu Informatique\"},\"image\":{\"@id\":\"https:\\\/\\\/info.bienvu.ch\\\/#\\\/schema\\\/logo\\\/image\\\/\"},\"sameAs\":[\"https:\\\/\\\/www.facebook.com\\\/bienvu.ch\\\/\",\"https:\\\/\\\/x.com\\\/bienvuch\",\"https:\\\/\\\/www.linkedin.com\\\/company\\\/11262411\\\/\"]}]}<\/script>\n<!-- \/ Yoast SEO plugin. -->","yoast_head_json":{"title":"Conditions g\u00e9n\u00e9rales - BIENVU INFORMATIQUE","description":"Les conditions g\u00e9n\u00e9rales de vente bienvu.ch","robots":{"index":"index","follow":"follow","max-snippet":"max-snippet:-1","max-image-preview":"max-image-preview:large","max-video-preview":"max-video-preview:-1"},"canonical":"https:\/\/info.bienvu.ch\/mentions-legales\/conditions-generales\/","og_locale":"en_US","og_type":"article","og_title":"Conditions g\u00e9n\u00e9rales - BIENVU INFORMATIQUE","og_description":"Les conditions g\u00e9n\u00e9rales de vente bienvu.ch","og_url":"https:\/\/info.bienvu.ch\/mentions-legales\/conditions-generales\/","article_publisher":"https:\/\/www.facebook.com\/bienvu.ch\/","article_modified_time":"2020-10-23T09:59:08+00:00","twitter_card":"summary_large_image","twitter_site":"@bienvuch","schema":{"@context":"https:\/\/schema.org","@graph":[{"@type":"WebPage","@id":"https:\/\/info.bienvu.ch\/mentions-legales\/conditions-generales\/","url":"https:\/\/info.bienvu.ch\/mentions-legales\/conditions-generales\/","name":"Conditions g\u00e9n\u00e9rales - BIENVU INFORMATIQUE","isPartOf":{"@id":"https:\/\/info.bienvu.ch\/#website"},"datePublished":"2017-09-07T11:18:33+00:00","dateModified":"2020-10-23T09:59:08+00:00","description":"Les conditions g\u00e9n\u00e9rales de vente bienvu.ch","breadcrumb":{"@id":"https:\/\/info.bienvu.ch\/mentions-legales\/conditions-generales\/#breadcrumb"},"inLanguage":"en-US","potentialAction":[{"@type":"ReadAction","target":["https:\/\/info.bienvu.ch\/mentions-legales\/conditions-generales\/"]}]},{"@type":"BreadcrumbList","@id":"https:\/\/info.bienvu.ch\/mentions-legales\/conditions-generales\/#breadcrumb","itemListElement":[{"@type":"ListItem","position":1,"name":"Accueil","item":"https:\/\/info.bienvu.ch\/en\/"},{"@type":"ListItem","position":2,"name":"Mentions l\u00e9gales et impressum","item":"https:\/\/info.bienvu.ch\/mentions-legales\/"},{"@type":"ListItem","position":3,"name":"Conditions g\u00e9n\u00e9rales"}]},{"@type":"WebSite","@id":"https:\/\/info.bienvu.ch\/#website","url":"https:\/\/info.bienvu.ch\/","name":"","description":"","publisher":{"@id":"https:\/\/info.bienvu.ch\/#organization"},"potentialAction":[{"@type":"SearchAction","target":{"@type":"EntryPoint","urlTemplate":"https:\/\/info.bienvu.ch\/?s={search_term_string}"},"query-input":{"@type":"PropertyValueSpecification","valueRequired":true,"valueName":"search_term_string"}}],"inLanguage":"en-US"},{"@type":"Organization","@id":"https:\/\/info.bienvu.ch\/#organization","name":"Bienvu Informatique","url":"https:\/\/info.bienvu.ch\/","logo":{"@type":"ImageObject","inLanguage":"en-US","@id":"https:\/\/info.bienvu.ch\/#\/schema\/logo\/image\/","url":"https:\/\/info.bienvu.ch\/wp-content\/uploads\/info.bienvu.ch\/sites\/8\/2018\/07\/logo_final_plain.svg","contentUrl":"https:\/\/info.bienvu.ch\/wp-content\/uploads\/info.bienvu.ch\/sites\/8\/2018\/07\/logo_final_plain.svg","width":1,"height":1,"caption":"Bienvu Informatique"},"image":{"@id":"https:\/\/info.bienvu.ch\/#\/schema\/logo\/image\/"},"sameAs":["https:\/\/www.facebook.com\/bienvu.ch\/","https:\/\/x.com\/bienvuch","https:\/\/www.linkedin.com\/company\/11262411\/"]}]}},"builder_content":"","_links":{"self":[{"href":"https:\/\/info.bienvu.ch\/en\/wp-json\/wp\/v2\/pages\/4843","targetHints":{"allow":["GET"]}}],"collection":[{"href":"https:\/\/info.bienvu.ch\/en\/wp-json\/wp\/v2\/pages"}],"about":[{"href":"https:\/\/info.bienvu.ch\/en\/wp-json\/wp\/v2\/types\/page"}],"author":[{"embeddable":true,"href":"https:\/\/info.bienvu.ch\/en\/wp-json\/wp\/v2\/users\/29"}],"replies":[{"embeddable":true,"href":"https:\/\/info.bienvu.ch\/en\/wp-json\/wp\/v2\/comments?post=4843"}],"version-history":[{"count":0,"href":"https:\/\/info.bienvu.ch\/en\/wp-json\/wp\/v2\/pages\/4843\/revisions"}],"up":[{"embeddable":true,"href":"https:\/\/info.bienvu.ch\/en\/wp-json\/wp\/v2\/pages\/4839"}],"wp:attachment":[{"href":"https:\/\/info.bienvu.ch\/en\/wp-json\/wp\/v2\/media?parent=4843"}],"curies":[{"name":"wp","href":"https:\/\/api.w.org\/{rel}","templated":true}]}}